{"id":1860,"date":"2022-05-12T08:31:35","date_gmt":"2022-05-12T05:31:35","guid":{"rendered":"https:\/\/irimia.gr\/informationen-ueber-uns\/"},"modified":"2024-04-23T13:40:20","modified_gmt":"2024-04-23T10:40:20","slug":"informationen-ueber-uns","status":"publish","type":"page","link":"https:\/\/irimia.gr\/de\/informationen-ueber-uns\/","title":{"rendered":"Informationen \u00fcber uns"},"content":{"rendered":"\t\t<div data-elementor-type=\"wp-page\" data-elementor-id=\"1860\" class=\"elementor elementor-1860 elementor-454\" data-elementor-post-type=\"page\">\n\t\t\t\t<div data-particle_enable=\"false\" data-particle-mobile-disabled=\"false\" class=\"elementor-element elementor-element-5e0f55c e-flex e-con-boxed e-con e-parent\" data-id=\"5e0f55c\" data-element_type=\"container\" data-e-type=\"container\" data-settings=\"{&quot;background_background&quot;:&quot;classic&quot;,&quot;_ob_column_hoveranimator&quot;:&quot;no&quot;,&quot;_ob_column_has_pseudo&quot;:&quot;no&quot;}\">\n\t\t\t\t\t<div class=\"e-con-inner\">\n\t\t\t\t<div class=\"elementor-element elementor-element-d2afa71 ob-has-background-overlay elementor-widget elementor-widget-image\" data-id=\"d2afa71\" data-element_type=\"widget\" data-e-type=\"widget\" data-settings=\"{&quot;_ob_photomorph_use&quot;:&quot;no&quot;,&quot;_ob_widget_stalker_use&quot;:&quot;no&quot;,&quot;_ob_poopart_use&quot;:&quot;yes&quot;,&quot;_ob_shadough_use&quot;:&quot;no&quot;,&quot;_ob_allow_hoveranimator&quot;:&quot;no&quot;}\" data-widget_type=\"image.default\">\n\t\t\t\t<div class=\"elementor-widget-container\">\n\t\t\t\t\t\t\t\t\t\t\t\t\t\t\t<img fetchpriority=\"high\" decoding=\"async\" width=\"1024\" height=\"576\" src=\"https:\/\/irimia.gr\/wp-content\/uploads\/2024\/03\/annetta-1024x576.webp\" class=\"attachment-large size-large wp-image-1780\" alt=\"\" srcset=\"https:\/\/irimia.gr\/wp-content\/uploads\/2024\/03\/annetta-1024x576.webp 1024w, https:\/\/irimia.gr\/wp-content\/uploads\/2024\/03\/annetta-300x169.webp 300w, https:\/\/irimia.gr\/wp-content\/uploads\/2024\/03\/annetta-768x432.webp 768w, https:\/\/irimia.gr\/wp-content\/uploads\/2024\/03\/annetta-1536x864.webp 1536w, https:\/\/irimia.gr\/wp-content\/uploads\/2024\/03\/annetta-18x10.webp 18w, https:\/\/irimia.gr\/wp-content\/uploads\/2024\/03\/annetta.webp 1600w\" sizes=\"(max-width: 1024px) 100vw, 1024px\" \/>\t\t\t\t\t\t\t\t\t\t\t\t\t\t\t<\/div>\n\t\t\t\t<\/div>\n\t\t\t\t<div class=\"elementor-element elementor-element-c2abaf5 ob-harakiri-vertical-lr ob-harakiri-inherit ob-harakiri ob-has-background-overlay elementor-widget elementor-widget-text-editor\" data-id=\"c2abaf5\" data-element_type=\"widget\" data-e-type=\"widget\" data-settings=\"{&quot;_ob_harakiri_writing_mode&quot;:&quot;vertical-lr&quot;,&quot;_ob_harakiri_writing_mode_mobile&quot;:&quot;inherit&quot;,&quot;_ob_use_harakiri&quot;:&quot;yes&quot;,&quot;_ob_postman_use&quot;:&quot;no&quot;,&quot;_ob_widget_stalker_use&quot;:&quot;no&quot;,&quot;_ob_poopart_use&quot;:&quot;yes&quot;}\" data-widget_type=\"text-editor.default\">\n\t\t\t\t<div class=\"elementor-widget-container\">\n\t\t\t\t\t\t\t\t\t<h1>Informationen \u00fcber uns<\/h1>\n\t\t\t\t\t\t\t\t<\/div>\n\t\t\t\t<\/div>\n\t\t\t\t\t<\/div>\n\t\t\t\t<\/div>\n\t\t<div data-particle_enable=\"false\" data-particle-mobile-disabled=\"false\" class=\"elementor-element elementor-element-0a09ea1 e-flex e-con-boxed e-con e-parent\" data-id=\"0a09ea1\" data-element_type=\"container\" data-e-type=\"container\" data-settings=\"{&quot;_ob_use_container_extras&quot;:&quot;no&quot;,&quot;_ob_column_hoveranimator&quot;:&quot;no&quot;,&quot;_ob_glider_is_slider&quot;:&quot;no&quot;,&quot;_ob_column_has_pseudo&quot;:&quot;no&quot;}\">\n\t\t\t\t\t<div class=\"e-con-inner\">\n\t\t\t\t<div class=\"elementor-element elementor-element-79c9339 ob-harakiri-inherit ob-has-background-overlay elementor-widget elementor-widget-text-editor\" data-id=\"79c9339\" data-element_type=\"widget\" data-e-type=\"widget\" data-settings=\"{&quot;_ob_use_harakiri&quot;:&quot;yes&quot;,&quot;_ob_harakiri_writing_mode&quot;:&quot;inherit&quot;,&quot;_ob_postman_use&quot;:&quot;no&quot;,&quot;_ob_widget_stalker_use&quot;:&quot;no&quot;,&quot;_ob_poopart_use&quot;:&quot;yes&quot;,&quot;_ob_shadough_use&quot;:&quot;no&quot;,&quot;_ob_allow_hoveranimator&quot;:&quot;no&quot;}\" data-widget_type=\"text-editor.default\">\n\t\t\t\t<div class=\"elementor-widget-container\">\n\t\t\t\t\t\t\t\t\t<p><strong>Willkommen in unserem Paradies<\/strong> Wir, <strong>Annetta und Kostas <\/strong>haben nach Jahren der ununterbrochenen Arbeit und des Engagements, es endlich geschafft, einen Traum zu verwirklichen. Wir haben diesen einzigartigen Ort geschaffen, eine Oase des Friedens und der Ruhe, die sich von der weiten Sch\u00f6nheit der Naturlandschaft abhebt und den Horizont zwischen endlosen Olivenhainen und dichten Kastanienw\u00e4ldern umarmt.<\/p>\n<p>Obwohl unser Leben weit weg von der Hektik der Stadt ist, \u00f6ffnet unsere Liebe zur Kommunikation und Geselligkeit unsere T\u00fcren f\u00fcr Menschen, die, die gleiche Leidenschaft f\u00fcr die Natur und die Einfachheit des Lebens teilen. Wir m\u00f6chten diesen magischen Ort mit euch teilen, euch ein Erlebnis bieten, dem Alltag zu entfliehen, und euch inspirieren, die Sch\u00f6nheit und Ruhe der Natur zu entdecken.<\/p>\n<p>Wir haben jeden Winkel dieses Ortes mit Liebe und Sorgfalt gestaltet, um unseren Besuchern ein einzigartiges Erlebnis zu bieten. Von unseren durchdachten Einrichtungen bis hin zu den endlosen M\u00f6glichkeiten, die Natur zu erkunden und sich zu erholen, ist jeder Moment hier darauf ausgerichtet, Ihnen ultimative Ruhe und Wohlbefinden zu bieten.<\/p>\n<p>Wir freuen uns darauf, euch in unserem Paradies zu begr\u00fc\u00dfen und mit euch die Ruhe und den Frieden zu teilen, den wir hier gefunden haben. Kommt und teilt diese Erfahrung mit uns, f\u00fcllt eure Sinne mit der reichen Natur und entdeckt euren Raum der Ruhe und des Wohlbefindens.<\/p>\n<p>Mit freundlichen Gr\u00fc\u00dfen,<br \/><strong>Annetta &amp; Kostas<\/strong><\/p>\n\t\t\t\t\t\t\t\t<\/div>\n\t\t\t\t<\/div>\n\t\t\t\t<div class=\"elementor-element elementor-element-9b5d1e8 ob-has-background-overlay elementor-widget elementor-widget-image\" data-id=\"9b5d1e8\" data-element_type=\"widget\" data-e-type=\"widget\" data-settings=\"{&quot;_ob_photomorph_use&quot;:&quot;no&quot;,&quot;_ob_widget_stalker_use&quot;:&quot;no&quot;,&quot;_ob_poopart_use&quot;:&quot;yes&quot;,&quot;_ob_shadough_use&quot;:&quot;no&quot;,&quot;_ob_allow_hoveranimator&quot;:&quot;no&quot;}\" data-widget_type=\"image.default\">\n\t\t\t\t<div class=\"elementor-widget-container\">\n\t\t\t\t\t\t\t\t\t\t\t\t\t\t\t<img decoding=\"async\" width=\"1200\" height=\"900\" src=\"https:\/\/irimia.gr\/wp-content\/uploads\/2024\/03\/annetta-kostas.webp\" class=\"attachment-full size-full wp-image-1782\" alt=\"\" srcset=\"https:\/\/irimia.gr\/wp-content\/uploads\/2024\/03\/annetta-kostas.webp 1200w, https:\/\/irimia.gr\/wp-content\/uploads\/2024\/03\/annetta-kostas-300x225.webp 300w, https:\/\/irimia.gr\/wp-content\/uploads\/2024\/03\/annetta-kostas-1024x768.webp 1024w, https:\/\/irimia.gr\/wp-content\/uploads\/2024\/03\/annetta-kostas-768x576.webp 768w, https:\/\/irimia.gr\/wp-content\/uploads\/2024\/03\/annetta-kostas-16x12.webp 16w\" sizes=\"(max-width: 1200px) 100vw, 1200px\" \/>\t\t\t\t\t\t\t\t\t\t\t\t\t\t\t<\/div>\n\t\t\t\t<\/div>\n\t\t\t\t\t<\/div>\n\t\t\t\t<\/div>\n\t\t\t\t<\/div>\n\t\t","protected":false},"excerpt":{"rendered":"<p>Informationen \u00fcber uns Willkommen in unserem Paradies Wir, Annetta und Kostas haben nach Jahren der ununterbrochenen Arbeit und des Engagements, es endlich geschafft, einen Traum zu verwirklichen. Wir haben diesen [&hellip;]<\/p>\n","protected":false},"author":1,"featured_media":1780,"parent":0,"menu_order":0,"comment_status":"closed","ping_status":"closed","template":"","meta":{"_acf_changed":false,"_monsterinsights_skip_tracking":false,"_monsterinsights_sitenote_active":false,"_monsterinsights_sitenote_note":"","_monsterinsights_sitenote_category":0,"site-sidebar-layout":"no-sidebar","site-content-layout":"page-builder","ast-site-content-layout":"full-width-container","site-content-style":"unboxed","site-sidebar-style":"unboxed","ast-global-header-display":"","ast-banner-title-visibility":"","ast-main-header-display":"","ast-hfb-above-header-display":"","ast-hfb-below-header-display":"","ast-hfb-mobile-header-display":"","site-post-title":"disabled","ast-breadcrumbs-content":"","ast-featured-img":"disabled","footer-sml-layout":"","ast-disable-related-posts":"","theme-transparent-header-meta":"","adv-header-id-meta":"","stick-header-meta":"","header-above-stick-meta":"","header-main-stick-meta":"","header-below-stick-meta":"","astra-migrate-meta-layouts":"default","ast-page-background-enabled":"default","ast-page-background-meta":{"desktop":{"background-color":"var(--ast-global-color-4)","background-image":"","background-repeat":"repeat","background-position":"center center","background-size":"auto","background-attachment":"scroll","background-type":"","background-media":"","overlay-type":"","overlay-color":"","overlay-opacity":"","overlay-gradient":""},"tablet":{"background-color":"","background-image":"","background-repeat":"repeat","background-position":"center center","background-size":"auto","background-attachment":"scroll","background-type":"","background-media":"","overlay-type":"","overlay-color":"","overlay-opacity":"","overlay-gradient":""},"mobile":{"background-color":"","background-image":"","background-repeat":"repeat","background-position":"center center","background-size":"auto","background-attachment":"scroll","background-type":"","background-media":"","overlay-type":"","overlay-color":"","overlay-opacity":"","overlay-gradient":""}},"ast-content-background-meta":{"desktop":{"background-color":"var(--ast-global-color-5)","background-image":"","background-repeat":"repeat","background-position":"center center","background-size":"auto","background-attachment":"scroll","background-type":"","background-media":"","overlay-type":"","overlay-color":"","overlay-opacity":"","overlay-gradient":""},"tablet":{"background-color":"var(--ast-global-color-5)","background-image":"","background-repeat":"repeat","background-position":"center center","background-size":"auto","background-attachment":"scroll","background-type":"","background-media":"","overlay-type":"","overlay-color":"","overlay-opacity":"","overlay-gradient":""},"mobile":{"background-color":"var(--ast-global-color-5)","background-image":"","background-repeat":"repeat","background-position":"center center","background-size":"auto","background-attachment":"scroll","background-type":"","background-media":"","overlay-type":"","overlay-color":"","overlay-opacity":"","overlay-gradient":""}},"footnotes":""},"class_list":["post-1860","page","type-page","status-publish","has-post-thumbnail","hentry"],"acf":[],"_links":{"self":[{"href":"https:\/\/irimia.gr\/de\/wp-json\/wp\/v2\/pages\/1860","targetHints":{"allow":["GET"]}}],"collection":[{"href":"https:\/\/irimia.gr\/de\/wp-json\/wp\/v2\/pages"}],"about":[{"href":"https:\/\/irimia.gr\/de\/wp-json\/wp\/v2\/types\/page"}],"author":[{"embeddable":true,"href":"https:\/\/irimia.gr\/de\/wp-json\/wp\/v2\/users\/1"}],"replies":[{"embeddable":true,"href":"https:\/\/irimia.gr\/de\/wp-json\/wp\/v2\/comments?post=1860"}],"version-history":[{"count":10,"href":"https:\/\/irimia.gr\/de\/wp-json\/wp\/v2\/pages\/1860\/revisions"}],"predecessor-version":[{"id":2663,"href":"https:\/\/irimia.gr\/de\/wp-json\/wp\/v2\/pages\/1860\/revisions\/2663"}],"wp:featuredmedia":[{"embeddable":true,"href":"https:\/\/irimia.gr\/de\/wp-json\/wp\/v2\/media\/1780"}],"wp:attachment":[{"href":"https:\/\/irimia.gr\/de\/wp-json\/wp\/v2\/media?parent=1860"}],"curies":[{"name":"wp","href":"https:\/\/api.w.org\/{rel}","templated":true}]}}